{"id":645,"date":"2019-01-25T11:35:39","date_gmt":"2019-01-25T10:35:39","guid":{"rendered":"https:\/\/montessori-spielwaren.de\/monti\/?page_id=645"},"modified":"2019-01-25T11:35:39","modified_gmt":"2019-01-25T10:35:39","slug":"wissenswertes-zur-montessoripaedagogik","status":"publish","type":"page","link":"https:\/\/montessori-spielwaren.de\/monti\/wissenswertes-zur-montessoripaedagogik\/","title":{"rendered":"Wissenswertes zur Montessorip\u00e4dagogik"},"content":{"rendered":"\n<p>Lange Zeit handelte es sich bei der Montessori P\u00e4dagogik um einen Bereich, der in einem nicht gerade unwesentlichen Feuer der Kritik stand und so wundert es kaum, dass die Meinungen der Menschen bei diesem Thema noch heute in gewissen Punkten auseinander gehen.<\/p>\n\n\n\n<p><br>Auch in den kommenden Jahren wird sich an diesem Punkt wohl nur sehr wenig \u00e4ndern, jedoch gelang es dem Montessori Material sich mehr und mehr durchzusetzen und so spielt auch die Montessori P\u00e4dagogik mittlerweile eine nicht gerade unbedeutende Rolle. Entwickelt wurde die Montessori P\u00e4dagogik von Beginn an von der italienischen P\u00e4dagogin Maria Montessori und recht schnell konnte sich diese Form als neuer Bildungseinhalt bei einzelnen Menschen durchsetzen.<\/p>\n\n\n\n<p><br>Obwohl sie lange Zeit umstritten war, konnten sich immer mehr Menschen f\u00fcr die P\u00e4dagogik von Maria Montessori begeistern und so haben vor allem auch international einflussreiche Menschen sich f\u00fcr diese Entwicklung ausgesprochen. Ohne Zweifel unterscheidet sich die Montessori P\u00e4dagogik in wesentlichen Punkten von anderen Bildungsformen und so kann sich diese auch recht schnell von den einzelnen Segmenten distanzieren. Auch in den letzten Jahren entwickelte sich die Montessori P\u00e4dagogik entscheidend weiter und so wurde diese in ihren zahlreichen Einzelheiten vor allem auch als Therapieform entdeckt und konnte sich als solche durchsetzen.<\/p>\n","protected":false},"excerpt":{"rendered":"<p>Lange Zeit handelte es sich bei der Montessori P\u00e4dagogik um einen Bereich, der in einem nicht gerade&#8230;<\/p>\n","protected":false},"author":1,"featured_media":0,"parent":0,"menu_order":0,"comment_status":"closed","ping_status":"closed","template":"","meta":[],"aioseo_notices":[],"_links":{"self":[{"href":"https:\/\/montessori-spielwaren.de\/monti\/wp-json\/wp\/v2\/pages\/645"}],"collection":[{"href":"https:\/\/montessori-spielwaren.de\/monti\/wp-json\/wp\/v2\/pages"}],"about":[{"href":"https:\/\/montessori-spielwaren.de\/monti\/wp-json\/wp\/v2\/types\/page"}],"author":[{"embeddable":true,"href":"https:\/\/montessori-spielwaren.de\/monti\/wp-json\/wp\/v2\/users\/1"}],"replies":[{"embeddable":true,"href":"https:\/\/montessori-spielwaren.de\/monti\/wp-json\/wp\/v2\/comments?post=645"}],"version-history":[{"count":1,"href":"https:\/\/montessori-spielwaren.de\/monti\/wp-json\/wp\/v2\/pages\/645\/revisions"}],"predecessor-version":[{"id":646,"href":"https:\/\/montessori-spielwaren.de\/monti\/wp-json\/wp\/v2\/pages\/645\/revisions\/646"}],"wp:attachment":[{"href":"https:\/\/montessori-spielwaren.de\/monti\/wp-json\/wp\/v2\/media?parent=645"}],"curies":[{"name":"wp","href":"https:\/\/api.w.org\/{rel}","templated":true}]}}