{"id":641,"date":"2019-01-25T11:31:14","date_gmt":"2019-01-25T10:31:14","guid":{"rendered":"https:\/\/montessori-spielwaren.de\/monti\/?page_id=641"},"modified":"2019-01-25T11:31:14","modified_gmt":"2019-01-25T10:31:14","slug":"sensible-phasen-des-kindes","status":"publish","type":"page","link":"https:\/\/montessori-spielwaren.de\/monti\/sensible-phasen-des-kindes\/","title":{"rendered":"Sensible Phasen des Kindes"},"content":{"rendered":"\n<p>\n\nDie Entwicklungen der Kinder und Jugendlichen kann laut Maria Montessori in einzelne Phasen geteilt werden und so konzentrierte sie sich auf die einzelnen Phasen auch bei der Entwicklung der zahlreichen Lehrmaterialien. Vor allem in der sensiblen Phase des Kindes setzen sich die Lehrenden intensiv mit den Jungen und M\u00e4dchen auseinander und so versuchen sie auf diese Art und Weise die entsprechenden Lernerfolge zu erreichen.&nbsp;<br>In der sensiblen Phase sind die Kinder den zahlreichen Neuheiten gegen\u00fcber besonders aufgeschlossen und so k\u00f6nnen hier auch entsprechend schnell neue Erfolge erzielt werden. Je nach Entwicklungsstand und den zahlreichen Interessen der Kinder entscheiden sie sich in der sensiblen Phase f\u00fcr ganz neue Bereiche, mit denen sie sich auseinandersetzen m\u00f6chten. Aber sie lernen in dieser Zeit nicht mehr nur neue Inhalte, sondern k\u00f6nnen sich vor allem mit einer Vielzahl von bereits Erlerntem auseinandersetzen.&nbsp;<br>Damit die einzelnen Erfolge in Unabh\u00e4ngigkeit zu dem Erwachsenen erlernt werden k\u00f6nnen, haben die Jungen und M\u00e4dchen in diesen Stunden die M\u00f6glichkeit, das eigene Lehrmaterial in der vorbereiteten Umgebung von Maria Montessori selbst zu nutzen und so lernen sie bereits von Klein an einzelne Entscheidung selbst und ohne R\u00fccksprache mit den Erwachsenen zu treffen.\n\n<\/p>\n","protected":false},"excerpt":{"rendered":"<p>Die Entwicklungen der Kinder und Jugendlichen kann laut Maria Montessori in einzelne Phasen geteilt werden und so&#8230;<\/p>\n","protected":false},"author":1,"featured_media":0,"parent":0,"menu_order":0,"comment_status":"closed","ping_status":"closed","template":"","meta":[],"aioseo_notices":[],"_links":{"self":[{"href":"https:\/\/montessori-spielwaren.de\/monti\/wp-json\/wp\/v2\/pages\/641"}],"collection":[{"href":"https:\/\/montessori-spielwaren.de\/monti\/wp-json\/wp\/v2\/pages"}],"about":[{"href":"https:\/\/montessori-spielwaren.de\/monti\/wp-json\/wp\/v2\/types\/page"}],"author":[{"embeddable":true,"href":"https:\/\/montessori-spielwaren.de\/monti\/wp-json\/wp\/v2\/users\/1"}],"replies":[{"embeddable":true,"href":"https:\/\/montessori-spielwaren.de\/monti\/wp-json\/wp\/v2\/comments?post=641"}],"version-history":[{"count":1,"href":"https:\/\/montessori-spielwaren.de\/monti\/wp-json\/wp\/v2\/pages\/641\/revisions"}],"predecessor-version":[{"id":642,"href":"https:\/\/montessori-spielwaren.de\/monti\/wp-json\/wp\/v2\/pages\/641\/revisions\/642"}],"wp:attachment":[{"href":"https:\/\/montessori-spielwaren.de\/monti\/wp-json\/wp\/v2\/media?parent=641"}],"curies":[{"name":"wp","href":"https:\/\/api.w.org\/{rel}","templated":true}]}}