{"id":639,"date":"2019-01-25T11:27:15","date_gmt":"2019-01-25T10:27:15","guid":{"rendered":"https:\/\/montessori-spielwaren.de\/monti\/?page_id=639"},"modified":"2019-01-25T11:27:16","modified_gmt":"2019-01-25T10:27:16","slug":"sinnesmaterial","status":"publish","type":"page","link":"https:\/\/montessori-spielwaren.de\/monti\/sinnesmaterial\/","title":{"rendered":"Sinnesmaterial"},"content":{"rendered":"\n<p>Das Montessori Sinnesmaterial<\/p>\n\n\n\n<p>Bis heute erinnern sich zahlreiche Menschen gern an die P\u00e4dagogik von Maria Montessori und letzten Endes auch an die Person an sich. Immerhin gelang es ihr, eine Vielzahl von Akzenten zu setzen und so wundert es kaum, dass die meisten Menschen ihr ein enorm hohes Ma\u00df an Respekt entgegenbringen. Bis heute spielt die Montessori P\u00e4dagogik eine wichtige Rolle.&nbsp;<br>Vor allem das Montessori Sinnesmaterial konnte sich bei den Menschen mehr und mehr durchsetzen. Das Montessori Sinnesmaterial genie\u00dft bis heute einen weltweiten Ruhm und so wundert es kaum, dass es nicht mehr nur in den entsprechenden Montessorist\u00e4tten eingesetzt wird. Mit dem Sinnesmaterial haben Kinder und Jugendliche die M\u00f6glichkeit effektiv zu lernen und so wundert es kaum, dass es sich hierbei mehr und mehr um einen Bereich handelt, der im wahrsten Sinne des Wortes den Nagel auf den Knopf trifft.&nbsp;<br>Um effektiv mit dem Material arbeiten zu k\u00f6nnen, m\u00fcssen die Lernenden bei dem Sinnesmaterial all ihre Sinne einsetzen. Durch diese Einbindung arbeiten sie im Wesentlichen effektiver und lernen vor allem durch all ihre bereits erworbenen F\u00e4higkeiten neues zu erlernen. Durch sehen, tasten, f\u00fchlen, sprechen, schmecken und riechen begegnen sie den zahlreichen Besonderheiten, die im Alltag auf sie warten und verstehen es, diese entscheidend in die zahlreichen Bereiche einzubinden.<\/p>\n","protected":false},"excerpt":{"rendered":"<p>Das Montessori Sinnesmaterial Bis heute erinnern sich zahlreiche Menschen gern an die P\u00e4dagogik von Maria Montessori und&#8230;<\/p>\n","protected":false},"author":1,"featured_media":0,"parent":0,"menu_order":0,"comment_status":"closed","ping_status":"closed","template":"","meta":[],"aioseo_notices":[],"_links":{"self":[{"href":"https:\/\/montessori-spielwaren.de\/monti\/wp-json\/wp\/v2\/pages\/639"}],"collection":[{"href":"https:\/\/montessori-spielwaren.de\/monti\/wp-json\/wp\/v2\/pages"}],"about":[{"href":"https:\/\/montessori-spielwaren.de\/monti\/wp-json\/wp\/v2\/types\/page"}],"author":[{"embeddable":true,"href":"https:\/\/montessori-spielwaren.de\/monti\/wp-json\/wp\/v2\/users\/1"}],"replies":[{"embeddable":true,"href":"https:\/\/montessori-spielwaren.de\/monti\/wp-json\/wp\/v2\/comments?post=639"}],"version-history":[{"count":1,"href":"https:\/\/montessori-spielwaren.de\/monti\/wp-json\/wp\/v2\/pages\/639\/revisions"}],"predecessor-version":[{"id":640,"href":"https:\/\/montessori-spielwaren.de\/monti\/wp-json\/wp\/v2\/pages\/639\/revisions\/640"}],"wp:attachment":[{"href":"https:\/\/montessori-spielwaren.de\/monti\/wp-json\/wp\/v2\/media?parent=639"}],"curies":[{"name":"wp","href":"https:\/\/api.w.org\/{rel}","templated":true}]}}